{"id":1259,"date":"2016-08-12T11:05:12","date_gmt":"2016-08-12T09:05:12","guid":{"rendered":"https:\/\/www.albinigroup.it\/home-3\/"},"modified":"2020-12-01T15:53:39","modified_gmt":"2020-12-01T14:53:39","slug":"home-3","status":"publish","type":"page","link":"https:\/\/www.albinigroup.it\/es\/","title":{"rendered":"INICIO"},"content":{"rendered":"<div class=\"wpb-content-wrapper\">[vc_row][vc_column][vc_widget_sidebar sidebar_id=\u00bbtimezone\u00bb el_class=\u00bbfooter-timezone top-timezone\u00bb]\n\t\t\t<!-- START home 2 REVOLUTION SLIDER 6.6.12 --><p class=\"rs-p-wp-fix\"><\/p>\n\t\t\t<rs-module-wrap id=\"rev_slider_4_1_wrapper\" data-source=\"gallery\" style=\"visibility:hidden;background:transparent;padding:0;\">\n\t\t\t\t<rs-module id=\"rev_slider_4_1\" style=\"\" data-version=\"6.6.12\">\n\t\t\t\t\t<rs-slides style=\"overflow: hidden; position: absolute;\">\n\t\t\t\t\t\t<rs-slide style=\"position: absolute;\" data-key=\"rs-14\" data-title=\"Slide\" data-duration=\"9000\" data-ssop=\"true\" data-anim=\"ms:10;\" data-in=\"o:1;\" data-out=\"a:false;\">\n\t\t\t\t\t\t\t<img decoding=\"async\" src=\"\/\/www.albinigroup.it\/wp-content\/plugins\/revslider\/public\/assets\/assets\/dummy.png\" alt=\"\" title=\"INICIO\" class=\"rev-slidebg tp-rs-img rs-lazyload\" data-lazyload=\"\/\/www.albinigroup.it\/wp-content\/uploads\/2016\/08\/fondo-1.jpg\" data-bg=\"p:center top;\" data-no-retina>\n<!--\n\t\t\t\t\t\t\t--><a\n\t\t\t\t\t\t\t\tid=\"slider-4-slide-14-layer-1\" \n\t\t\t\t\t\t\t\tclass=\"rs-layer\"\n\t\t\t\t\t\t\t\thref=\"http:\/\/www.albinigroup.it\/\" target=\"_self\"\n\t\t\t\t\t\t\t\tdata-type=\"image\"\n\t\t\t\t\t\t\t\tdata-rsp_ch=\"on\"\n\t\t\t\t\t\t\t\tdata-xy=\"x:c;xo:0,0,0,1px;yo:10px,10px,72px,37px;\"\n\t\t\t\t\t\t\t\tdata-text=\"l:22;\"\n\t\t\t\t\t\t\t\tdata-dim=\"w:867px,867px,500px,450;h:245px,245px,auto,127;\"\n\t\t\t\t\t\t\t\tdata-frame_1=\"e:power2.inOut;st:469.618225098;\"\n\t\t\t\t\t\t\t\tdata-frame_999=\"e:nothing;st:w;sp:290;\"\n\t\t\t\t\t\t\t\tstyle=\"z-index:5;\"\n\t\t\t\t\t\t\t><img decoding=\"async\" src=\"\/\/www.albinigroup.it\/wp-content\/plugins\/revslider\/public\/assets\/assets\/dummy.png\" alt=\"\" class=\"tp-rs-img rs-lazyload\" width=\"867\" height=\"245\" data-lazyload=\"\/\/www.albinigroup.it\/wp-content\/uploads\/2016\/09\/logo-su-slide.png\" data-no-retina> \n\t\t\t\t\t\t\t<\/a><!--\n\n\t\t\t\t\t\t\t--><rs-layer\n\t\t\t\t\t\t\t\tid=\"slide_claim\" \n\t\t\t\t\t\t\t\tdata-type=\"text\"\n\t\t\t\t\t\t\t\tdata-color=\"rgba(255,255,255,1)\"\n\t\t\t\t\t\t\t\tdata-rsp_ch=\"on\"\n\t\t\t\t\t\t\t\tdata-xy=\"x:c;yo:301px,301px,301px,232px;\"\n\t\t\t\t\t\t\t\tdata-text=\"w:normal;s:42,42,42,25;l:45,45,45,25;ls:2;fw:700;a:center;\"\n\t\t\t\t\t\t\t\tdata-dim=\"w:325px,325px,325px,277px;h:auto,auto,auto,129px;\"\n\t\t\t\t\t\t\t\tdata-frame_1=\"e:power2.inOut;st:499.305725098;\"\n\t\t\t\t\t\t\t\tdata-frame_999=\"e:nothing;st:w;\"\n\t\t\t\t\t\t\t\tstyle=\"z-index:6;font-family:'Open Sans';\"\n\t\t\t\t\t\t\t>VELOCIDAD\nPRECISI\u00d3N\nPUNTUALIDAD \n\t\t\t\t\t\t\t<\/rs-layer><!--\n-->\t\t\t\t\t\t<\/rs-slide>\n\t\t\t\t\t<\/rs-slides>\n\t\t\t\t<\/rs-module>\n\t\t\t\t<script>\n\t\t\t\t\tsetREVStartSize({c: 'rev_slider_4_1',rl:[1240,1240,778,480],el:[820,820,450,400],gw:[1920,1920,778,480],gh:[820,820,450,400],type:'standard',justify:'',layout:'fullscreen',offsetContainer:'',offset:'',mh:\"0\"});if (window.RS_MODULES!==undefined && window.RS_MODULES.modules!==undefined && window.RS_MODULES.modules[\"revslider41\"]!==undefined) {window.RS_MODULES.modules[\"revslider41\"].once = false;window.revapi4 = undefined;if (window.RS_MODULES.checkMinimal!==undefined) window.RS_MODULES.checkMinimal()}\n\t\t\t\t<\/script>\n\t\t\t<\/rs-module-wrap>\n\t\t\t<!-- END REVOLUTION SLIDER -->\n[\/vc_column][\/vc_row][vc_row el_id=\u00bbyellow_btn\u00bb][vc_column][vc_row_inner el_class=\u00bbbox_homepage\u00bb][vc_column_inner el_class=\u00bbbox_homepage_prima_colonna\u00bb width=\u00bb1\/3&#8243;][vc_column_text]\n<h3><a href=\"https:\/\/www.albinigroup.it\/es\/richiesta-ordine-trasporti-eccezionali-veneto\/\">\u00bfAD\u00d3NDE NECESITA HACER ENV\u00cdOS HOY?<\/a><\/h3>\n[\/vc_column_text][\/vc_column_inner][vc_column_inner el_class=\u00bbbox_homepage_seconda_colonna\u00bb width=\u00bb1\/3&#8243;][vc_column_text]\n<h3><a href=\"https:\/\/www.albinigroup.it\/es\/richiesta-ordine-trasporti-eccezionali-veneto\/\">\u00bfPOR QU\u00c9 SEGUIR BUSCANDO?<\/a><\/h3>\n[\/vc_column_text][\/vc_column_inner][vc_column_inner el_class=\u00bbbox_homepage_terza_colonna\u00bb width=\u00bb1\/3&#8243;][vc_column_text]\n<h3><a href=\"https:\/\/www.albinigroup.it\/es\/richiesta-ordine-trasporti-eccezionali-veneto\/\">PONEMOS NUESTRA PROFESIONALIDAD A SU SERVICIO<\/a><\/h3>\n[\/vc_column_text][\/vc_column_inner][\/vc_row_inner][vc_row_inner el_class=\u00bbbox_homepage_img\u00bb][vc_column_inner width=\u00bb1\/3&#8243;][vc_single_image image=\u00bb95&#8243; onclick=\u00bbcustom_link\u00bb img_filter=\u00bbgrayscale\u00bb link=\u00bbhttps:\/\/www.albinigroup.it\/es\/richiesta-ordine-trasporti-eccezionali-veneto\/\u00bb][\/vc_column_inner][vc_column_inner width=\u00bb1\/3&#8243;][vc_single_image image=\u00bb99&#8243; onclick=\u00bbcustom_link\u00bb img_filter=\u00bbgrayscale\u00bb link=\u00bbhttps:\/\/www.albinigroup.it\/es\/richiesta-ordine-trasporti-eccezionali-veneto\/\u00bb][\/vc_column_inner][vc_column_inner width=\u00bb1\/3&#8243;][vc_single_image image=\u00bb101&#8243; onclick=\u00bbcustom_link\u00bb img_filter=\u00bbgrayscale\u00bb link=\u00bbhttps:\/\/www.albinigroup.it\/es\/richiesta-ordine-trasporti-eccezionali-veneto\/\u00bb][\/vc_column_inner][\/vc_row_inner][\/vc_column][\/vc_row][vc_row el_id=\u00bbriga_intro\u00bb][vc_column][vc_column_text el_class=\u00bbintro_home\u00bb]Somos un grupo de personas motivadas con un bagaje de a\u00f1os de experiencia en el sector de los env\u00edos, el transporte y la log\u00edstica.<\/p>\n<hr \/>\n<h2>Rapidez, precisi\u00f3n, puntualidad<\/h2>\n[\/vc_column_text][\/vc_column][\/vc_row][vc_row][vc_column][vc_empty_space height=\u00bb50px\u00bb][\/vc_column][\/vc_row][vc_row el_id=\u00bbriga_focus\u00bb el_class=\u00bbbox_home\u00bb][vc_column width=\u00bb1\/3&#8243;][vc_column_text el_class=\u00bbbox_num\u00bb]1.[\/vc_column_text][vc_column_text el_class=\u00bbbox_home_h3&#8243;]\n<h3><a href=\"https:\/\/www.albinigroup.it\/es\/servizi-logistica-e-trasporti-veneto\/\">La fuerza de la experiencia<\/a><\/h3>\n[\/vc_column_text][vc_column_text el_class=\u00bbbox_home_descrizione\u00bb]M\u00e1s de 40 a\u00f1os de experiencia en el comercio y la log\u00edstica y, desde 2008, en los env\u00edos nacionales e internacionales.[\/vc_column_text][vc_column_text el_class=\u00bbbox_home_pulsante\u00bb]servicios\u00a0&gt;[\/vc_column_text][\/vc_column][vc_column width=\u00bb1\/3&#8243;][vc_column_text el_class=\u00bbbox_num\u00bb]2.[\/vc_column_text][vc_column_text el_class=\u00bbbox_home_h3&#8243;]\n<h3><a href=\"https:\/\/www.albinigroup.it\/es\/servizi-logistica-e-trasporti-veneto\/\">Garant\u00eda de profesionalidad<\/a><\/h3>\n[\/vc_column_text][vc_column_text el_class=\u00bbbox_home_descrizione\u00bb]Una actitud profesional que valora la relaci\u00f3n con nuestros clientes haciendo \u00fanica y personal la ejecuci\u00f3n de cada encargo.[\/vc_column_text][vc_column_text el_class=\u00bbbox_home_pulsante\u00bb]servicios\u00a0&gt;[\/vc_column_text][\/vc_column][vc_column width=\u00bb1\/3&#8243;][vc_column_text el_class=\u00bbbox_num\u00bb]3.[\/vc_column_text][vc_column_text el_class=\u00bbbox_home_h3&#8243;]\n<h3><a href=\"https:\/\/www.albinigroup.it\/es\/servizi-logistica-e-trasporti-veneto\/\">La calidad de los mejores<\/a><\/h3>\n[\/vc_column_text][vc_column_text el_class=\u00bbbox_home_descrizione\u00bb]Albini Group cuenta con <em>colaboradores<\/em> seleccionados para garantizar transportes a medida con todo tipo de medios y soluciones log\u00edsticas.[\/vc_column_text][vc_column_text el_class=\u00bbbox_home_pulsante\u00bb]servicios\u00a0&gt;[\/vc_column_text][\/vc_column][\/vc_row][vc_row el_class=\u00bbslogan_2016_cnt\u00bb][vc_column][vc_column_text el_class=\u00bbslogan_2016&#8243;]Cada vez que se nos encarga un env\u00edo, aportamos la experiencia que hace \u00fanica y personal la ejecuci\u00f3n para valorar la relaci\u00f3n con nuestros clientes.[\/vc_column_text][\/vc_column][\/vc_row][vc_row][vc_column][vcex_button url=\u00bbhttps:\/\/www.albinigroup.it\/es\/richiesta-ordine-trasporti-eccezionali-veneto\/\u00bb title=\u00bbENV\u00cdE SU SOLICITUD\u00bb style=\u00bbthree-d\u00bb align=\u00bbcenter\u00bb size=\u00bbmedium\u00bb custom_background=\u00bb#00b3f0&#8243; css_wrap=\u00bb.vc_custom_1606834415757{margin-top: 50px !important;margin-bottom: 50px !important;}\u00bb font_size=\u00bb20px\u00bb letter_spacing=\u00bb1px\u00bb border_radius=\u00bb10px\u00bb font_padding=\u00bb10px 10px 10px 10px\u00bb custom_hover_background=\u00bb#1869b2&#8243;]ENV\u00cdE SU SOLICITUD[\/vcex_button][\/vc_column][\/vc_row][vc_row][vc_column][vc_empty_space height=\u00bb50px\u00bb][vc_raw_js]JTA5JTNDc2NyaXB0JTIwdHlwZSUzRCUyMnRleHQlMkZqYXZhc2NyaXB0JTIyJTNFJTBBJTA5JTA5alF1ZXJ5JTI4ZG9jdW1lbnQlMjkucmVhZHklMjhmdW5jdGlvbiUyOCUyOSU3QiUwQSUwOSUwOSUwOWpRdWVyeSUyOCUyNy5ob21lJTIwJTIzcmlnYV9mb2N1cyUyMC52Y19jb2x1bW5fY29udGFpbmVyJTI3JTI5Lm1vdXNlZW50ZXIlMjhmdW5jdGlvbiUyOCUyOSUyMCU3QiUwQSUwOSUwOSUwOSUyMCUyMGpRdWVyeSUyOHRoaXMlMjkuZmluZCUyOCUyNy5ib3hfaG9tZV9oMyUyMGgzJTI3JTI5LmNzcyUyOCU3QiUyMmJhY2tncm91bmQtY29sb3IlMjIlM0ElMjAlMjIlMjMwMGI1ZWYlMjIlMkMlMjJjb2xvciUyMiUzQSUyMCUyMiUyM0ZGRiUyMiU3RCUyOSUzQiUwQSUwOSUwOSUwOSUyMCUyMGpRdWVyeSUyOHRoaXMlMjkuZmluZCUyOCUyNy5ib3hfaG9tZV9wdWxzYW50ZSUyNyUyOS5zaG93JTI4MTAwMCUyOSUzQiUwQSUwOSUwOSUwOSU3RCUyOSUzQiUwQSUwOSUwOSUwOWpRdWVyeSUyOCUyNy5ob21lJTIwJTIzcmlnYV9mb2N1cyUyMC52Y19jb2x1bW5fY29udGFpbmVyJTI3JTI5Lm1vdXNlbGVhdmUlMjhmdW5jdGlvbiUyOCUyOSUyMCU3QiUwQSUwOSUwOSUwOSUwOWpRdWVyeSUyOHRoaXMlMjkuZmluZCUyOCUyNy5ib3hfaG9tZV9oMyUyMGgzJTI3JTI5LmNzcyUyOCU3QiUyMmJhY2tncm91bmQtY29sb3IlMjIlM0ElMjAlMjJpbmhlcml0JTIyJTJDJTIyY29sb3IlMjIlM0ElMjAlMjIlMjMwMDAlMjIlN0QlMjklM0IlMEElMDklMDklMDklMDlqUXVlcnklMjh0aGlzJTI5LmZpbmQlMjglMjcuYm94X2hvbWVfcHVsc2FudGUlMjclMjkuaGlkZSUyOCUyOSUzQiUwQSUwOSUwOSUwOSU3RCUyOSUzQiUwQSUwOSUwOSU3RCUyOSUzQiUwQSUwOSUzQyUyRnNjcmlwdCUzRSUwOQ==[\/vc_raw_js][\/vc_column][\/vc_row][vc_row][vc_column][vc_facebook][\/vc_column][\/vc_row][vc_row center_row=\u00bbyes\u00bb][vc_column width=\u00bb1\/3&#8243;][\/vc_column][vc_column width=\u00bb1\/3&#8243;][vcex_social_links facebook=\u00bbhttps:\/\/www.facebook.com\/AlbinigroupVR\/?modal=admin_todo_tour\u00bb skype=\u00bbhttps:\/\/login.live.com\/login.srf?wa=wsignin1.0&amp;rpsnv=13&amp;ct=1554969897&amp;rver=7.1.6819.0&amp;wp=MBI_SSL&amp;wreply=https%3A%2F%2Flw.skype.com%2Flogin%2Foauth%2Fproxy%3Fclient_id%3D360605%26redirect_uri%3Dhttps%253A%252F%252Fsecure.skype.com%252Fportal%252Flogin%253Freturn_url%253Dhttps%25253A%25252F%25252Fsecure.skype.com%25252Fportal%25252Fprofile%26response_type%3Dpostgrant%26state%3D4699a6747f8bff3c81a36581%26site_name%3Dlw.skype.com&amp;lc=1033&amp;id=293290&amp;mkt=it-IT&amp;psi=skype&amp;lw=1&amp;cobrandid=2befc4b5-19e3-46e8-8347-77317a16a5a5&amp;client_flight=ReservedFlight33%2CReservedFlight67&#8243;][\/vc_column][vc_column width=\u00bb1\/3&#8243;][\/vc_column][\/vc_row][vc_row][vc_column][vcex_list_item text_align=\u00bbcenter\u00bb]Orari: Lun &#8211; Ven &gt; Mattina 8:00 -13:00 e pomeriggio 14:00 &#8211; 19:00[\/vcex_list_item][\/vc_column][\/vc_row]\n<\/div>","protected":false},"excerpt":{"rendered":"<p>[vc_row][vc_column][vc_widget_sidebar sidebar_id=\u00bbtimezone\u00bb el_class=\u00bbfooter-timezone top-timezone\u00bb][\/vc_column][\/vc_row][vc_row el_id=\u00bbyellow_btn\u00bb][vc_column][vc_row_inner el_class=\u00bbbox_homepage\u00bb][vc_column_inner el_class=\u00bbbox_homepage_prima_colonna\u00bb width=\u00bb1\/3&#8243;][vc_column_text] \u00bfAD\u00d3NDE NECESITA HACER ENV\u00cdOS HOY? [\/vc_column_text][\/vc_column_inner][vc_column_inner el_class=\u00bbbox_homepage_seconda_colonna\u00bb width=\u00bb1\/3&#8243;][vc_column_text] \u00bfPOR QU\u00c9 SEGUIR BUSCANDO? [\/vc_column_text][\/vc_column_inner][vc_column_inner el_class=\u00bbbox_homepage_terza_colonna\u00bb width=\u00bb1\/3&#8243;][vc_column_text] PONEMOS NUESTRA PROFESIONALIDAD A SU SERVICIO [\/vc_column_text][\/vc_column_inner][\/vc_row_inner][vc_row_inner el_class=\u00bbbox_homepage_img\u00bb][vc_column_inner width=\u00bb1\/3&#8243;][vc_single_image image=\u00bb95&#8243; onclick=\u00bbcustom_link\u00bb img_filter=\u00bbgrayscale\u00bb link=\u00bbhttps:\/\/www.albinigroup.it\/es\/richiesta-ordine-trasporti-eccezionali-veneto\/\u00bb][\/vc_column_inner][vc_column_inner width=\u00bb1\/3&#8243;][vc_single_image image=\u00bb99&#8243; onclick=\u00bbcustom_link\u00bb img_filter=\u00bbgrayscale\u00bb&hellip;<\/p>\n","protected":false},"author":3,"featured_media":0,"parent":0,"menu_order":0,"comment_status":"closed","ping_status":"open","template":"","meta":{"footnotes":""},"class_list":["post-1259","page","type-page","status-publish","hentry","entry"],"_links":{"self":[{"href":"https:\/\/www.albinigroup.it\/es\/wp-json\/wp\/v2\/pages\/1259","targetHints":{"allow":["GET"]}}],"collection":[{"href":"https:\/\/www.albinigroup.it\/es\/wp-json\/wp\/v2\/pages"}],"about":[{"href":"https:\/\/www.albinigroup.it\/es\/wp-json\/wp\/v2\/types\/page"}],"author":[{"embeddable":true,"href":"https:\/\/www.albinigroup.it\/es\/wp-json\/wp\/v2\/users\/3"}],"replies":[{"embeddable":true,"href":"https:\/\/www.albinigroup.it\/es\/wp-json\/wp\/v2\/comments?post=1259"}],"version-history":[{"count":7,"href":"https:\/\/www.albinigroup.it\/es\/wp-json\/wp\/v2\/pages\/1259\/revisions"}],"predecessor-version":[{"id":1553,"href":"https:\/\/www.albinigroup.it\/es\/wp-json\/wp\/v2\/pages\/1259\/revisions\/1553"}],"wp:attachment":[{"href":"https:\/\/www.albinigroup.it\/es\/wp-json\/wp\/v2\/media?parent=1259"}],"curies":[{"name":"wp","href":"https:\/\/api.w.org\/{rel}","templated":true}]}}